{"id":8,"date":"2024-10-19T18:28:45","date_gmt":"2024-10-19T18:28:45","guid":{"rendered":"https:\/\/pedidosbsc.nza.cl\/ripios\/?page_id=8"},"modified":"2024-10-19T21:30:17","modified_gmt":"2024-10-19T21:30:17","slug":"pagina-de-inicio","status":"publish","type":"page","link":"https:\/\/pedidosbsc.nza.cl\/ripios\/","title":{"rendered":"P\u00e1gina de inicio"},"content":{"rendered":"\n<div class=\"wp-block-cover alignfull\" style=\"min-height:100vh;aspect-ratio:unset;\"><span aria-hidden=\"true\" class=\"wp-block-cover__background has-background-dim-20 has-background-dim\" style=\"background-color:#5c5954\"><\/span><img loading=\"lazy\" decoding=\"async\" width=\"2560\" height=\"1920\" class=\"wp-block-cover__image-background wp-image-27\" alt=\"\" src=\"https:\/\/pedidosbsc.nza.cl\/ripios\/wp-content\/uploads\/2024\/10\/IMG_20241012_202351-scaled.jpg\" style=\"object-position:55% 27%\" data-object-fit=\"cover\" data-object-position=\"55% 27%\" srcset=\"https:\/\/pedidosbsc.nza.cl\/ripios\/wp-content\/uploads\/2024\/10\/IMG_20241012_202351-scaled.jpg 2560w, https:\/\/pedidosbsc.nza.cl\/ripios\/wp-content\/uploads\/2024\/10\/IMG_20241012_202351-300x225.jpg 300w, https:\/\/pedidosbsc.nza.cl\/ripios\/wp-content\/uploads\/2024\/10\/IMG_20241012_202351-1024x768.jpg 1024w, https:\/\/pedidosbsc.nza.cl\/ripios\/wp-content\/uploads\/2024\/10\/IMG_20241012_202351-2000x1500.jpg 2000w\" sizes=\"auto, (max-width: 2560px) 100vw, 2560px\" \/><div class=\"wp-block-cover__inner-container has-global-padding is-layout-constrained wp-block-cover-is-layout-constrained\">\n<p class=\"has-text-align-center has-white-color has-text-color has-max-60-font-size\" style=\"font-style:normal;font-weight:900;line-height:1.2\"><strong>Pedidos Internos<\/strong> &#8211; 702 Ripios<\/p>\n<\/div><\/div>\n\n\n\n<div class=\"wp-block-group has-global-padding is-layout-constrained wp-block-group-is-layout-constrained\">\n<div style=\"height:57px\" aria-hidden=\"true\" class=\"wp-block-spacer\"><\/div>\n\n\n\n<h2 class=\"wp-block-heading has-text-align-center has-medium-font-size\" style=\"letter-spacing:1px\">CREAMOS SOLUCIONES TECNOL\u00d3GICAS PARA EL DESARROLLO DE NUESTRA COMPA\u00d1\u00cdA<\/h2>\n\n\n\n<p class=\"has-text-align-center\">Pedidos Besalco: Una plataforma para la gesti\u00f3n de los pedidos internos de la obra<\/p>\n\n\n<p>Please login to create tickets.<br \/>\nPlease login to view tickets.<\/p>\n\n\n\n<div class=\"wp-block-buttons is-horizontal is-content-justification-center is-layout-flex wp-container-core-buttons-is-layout-03627597 wp-block-buttons-is-layout-flex\">\n<div class=\"wp-block-button has-custom-font-size is-style-outline has-small-font-size is-style-outline--1\"><a class=\"wp-block-button__link wp-element-button\" href=\"#\" style=\"border-radius:0px\">Ver m\u00e1s<\/a><\/div>\n<\/div>\n\n\n\n<div style=\"height:57px\" aria-hidden=\"true\" class=\"wp-block-spacer\"><\/div>\n<\/div>\n\n\n\n<div class=\"wp-block-cover alignfull has-parallax is-position-center-center\" style=\"border-radius:0px\"><span aria-hidden=\"true\" class=\"wp-block-cover__background has-black-background-color has-background-dim-40 has-background-dim\"><\/span><div class=\"wp-block-cover__image-background wp-image-42 has-parallax\" style=\"background-position:50% 50%;background-image:url(https:\/\/pedidosbsc.nza.cl\/ripios\/wp-content\/uploads\/2024\/10\/IMG-20240803-WA0027.jpg)\"><\/div><div class=\"wp-block-cover__inner-container is-layout-flow wp-block-cover-is-layout-flow\">\n<div class=\"wp-block-group has-global-padding is-layout-constrained wp-block-group-is-layout-constrained\">\n<h3 class=\"wp-block-heading has-text-align-center has-text-color has-medium-font-size\" style=\"color:#fffffa;text-transform:uppercase\">GESTIONEMOS JUNTOS ESTE PROYECTO<\/h3>\n\n\n\n<p class=\"has-text-align-center has-white-color has-text-color\">Si tienes duda de c\u00f3mo funciona esta plataforma, por favor ponte en contacto. Te brindaremos toda la asesor\u00eda que necesites para que gestionemos de buena manera nuestros pedidos.<\/p>\n\n\n\n<div style=\"height:31px\" aria-hidden=\"true\" class=\"wp-block-spacer\"><\/div>\n\n\n\n<div class=\"wp-block-buttons is-horizontal is-content-justification-center is-layout-flex wp-container-core-buttons-is-layout-03627597 wp-block-buttons-is-layout-flex\">\n<div class=\"wp-block-button is-style-outline is-style-outline--2\"><a class=\"wp-block-button__link has-white-color has-text-color wp-element-button\" href=\"#\" style=\"border-radius:0px\">CONTACTO<\/a><\/div>\n<\/div>\n<\/div>\n<\/div><\/div>\n","protected":false},"excerpt":{"rendered":"<p>CREAMOS SOLUCIONES TECNOL\u00d3GICAS PARA EL DESARROLLO DE NUESTRA COMPA\u00d1\u00cdA Pedidos Besalco: Una plataforma para la gesti\u00f3n de los pedidos internos de la obra<\/p>\n","protected":false},"author":1,"featured_media":0,"parent":0,"menu_order":0,"comment_status":"closed","ping_status":"closed","template":"page-templates\/homepage-no-hero.php","meta":{"footnotes":""},"class_list":["post-8","page","type-page","status-publish","hentry"],"_links":{"self":[{"href":"https:\/\/pedidosbsc.nza.cl\/ripios\/wp-json\/wp\/v2\/pages\/8","targetHints":{"allow":["GET"]}}],"collection":[{"href":"https:\/\/pedidosbsc.nza.cl\/ripios\/wp-json\/wp\/v2\/pages"}],"about":[{"href":"https:\/\/pedidosbsc.nza.cl\/ripios\/wp-json\/wp\/v2\/types\/page"}],"author":[{"embeddable":true,"href":"https:\/\/pedidosbsc.nza.cl\/ripios\/wp-json\/wp\/v2\/users\/1"}],"replies":[{"embeddable":true,"href":"https:\/\/pedidosbsc.nza.cl\/ripios\/wp-json\/wp\/v2\/comments?post=8"}],"version-history":[{"count":10,"href":"https:\/\/pedidosbsc.nza.cl\/ripios\/wp-json\/wp\/v2\/pages\/8\/revisions"}],"predecessor-version":[{"id":54,"href":"https:\/\/pedidosbsc.nza.cl\/ripios\/wp-json\/wp\/v2\/pages\/8\/revisions\/54"}],"wp:attachment":[{"href":"https:\/\/pedidosbsc.nza.cl\/ripios\/wp-json\/wp\/v2\/media?parent=8"}],"curies":[{"name":"wp","href":"https:\/\/api.w.org\/{rel}","templated":true}]}}